{"id":2075,"date":"2023-12-17T16:07:43","date_gmt":"2023-12-17T15:07:43","guid":{"rendered":"https:\/\/used-tower-cranes.com\/contact\/"},"modified":"2024-04-29T08:20:51","modified_gmt":"2024-04-29T06:20:51","slug":"contact","status":"publish","type":"page","link":"https:\/\/used-tower-cranes.com\/fr\/contact\/","title":{"rendered":"Contact"},"content":{"rendered":"<p>[et_pb_section fb_built=\u00a0\u00bb1&Prime; _builder_version=\u00a0\u00bb4.22.0&Prime; _module_preset=\u00a0\u00bbdefault\u00a0\u00bb global_colors_info=\u00a0\u00bb{}\u00a0\u00bb][et_pb_row _builder_version=\u00a0\u00bb4.22.0&Prime; _module_preset=\u00a0\u00bbdefault\u00a0\u00bb global_colors_info=\u00a0\u00bb{}\u00a0\u00bb][et_pb_column type=\u00a0\u00bb4_4&Prime; _builder_version=\u00a0\u00bb4.22.0&Prime; _module_preset=\u00a0\u00bbdefault\u00a0\u00bb global_colors_info=\u00a0\u00bb{}\u00a0\u00bb][et_pb_text _builder_version=\u00a0\u00bb4.22.0&Prime; _module_preset=\u00a0\u00bbdefault\u00a0\u00bb header_font_size_tablet=\u00a0\u00bb\u00a0\u00bb header_font_size_phone=\u00a0\u00bb30px\u00a0\u00bb header_font_size_last_edited=\u00a0\u00bbon|phone\u00a0\u00bb global_colors_info=\u00a0\u00bb{}\u00a0\u00bb]<\/p>\n<h1 style=\"text-align: center;\">Contactez nous<\/h1>\n<p>[\/et_pb_text][\/et_pb_column][\/et_pb_row][et_pb_row _builder_version=\u00a0\u00bb4.22.0&Prime; _module_preset=\u00a0\u00bbdefault\u00a0\u00bb global_colors_info=\u00a0\u00bb{}\u00a0\u00bb][et_pb_column type=\u00a0\u00bb4_4&Prime; _builder_version=\u00a0\u00bb4.22.0&Prime; _module_preset=\u00a0\u00bbdefault\u00a0\u00bb global_colors_info=\u00a0\u00bb{}\u00a0\u00bb][et_pb_contact_form email=\u00a0\u00bbcontact@used-tower-cranes.com\u00a0\u00bb custom_message=\u00a0\u00bbTaal contactformulier: Frans||et_pb_line_break_holder|| ||et_pb_line_break_holder||||et_pb_line_break_holder||Name: %%Name%%  ||et_pb_line_break_holder||||et_pb_line_break_holder||Email: %%Email%%  ||et_pb_line_break_holder||||et_pb_line_break_holder||Company: %%Company%% ||et_pb_line_break_holder||||et_pb_line_break_holder||Reason of contact: %%Reason%%  ||et_pb_line_break_holder||||et_pb_line_break_holder||Message: %%Message%%  \u00a0\u00bb success_message=\u00a0\u00bbMerci pour votre message ! Vous recevrez une r\u00e9ponse dans les plus brefs d\u00e9lais.  \u00a0\u00bb submit_button_text=\u00a0\u00bbEnvoyer\u00a0\u00bb _builder_version=\u00a0\u00bb4.25.0&Prime; _module_preset=\u00a0\u00bbdefault\u00a0\u00bb _unique_id=\u00a0\u00bb826da8e8-4f52-4209-8925-edb4fc6ae997&Prime; hover_enabled=\u00a0\u00bb0&Prime; global_colors_info=\u00a0\u00bb{}\u00a0\u00bb sticky_enabled=\u00a0\u00bb0&Prime;][et_pb_contact_field field_id=\u00a0\u00bbName\u00a0\u00bb field_title=\u00a0\u00bbNom\u00a0\u00bb _builder_version=\u00a0\u00bb4.22.0&Prime; global_colors_info=\u00a0\u00bb{}\u00a0\u00bb button_text_size__hover_enabled=\u00a0\u00bboff\u00a0\u00bb button_one_text_size__hover_enabled=\u00a0\u00bboff\u00a0\u00bb button_two_text_size__hover_enabled=\u00a0\u00bboff\u00a0\u00bb button_text_color__hover_enabled=\u00a0\u00bboff\u00a0\u00bb button_one_text_color__hover_enabled=\u00a0\u00bboff\u00a0\u00bb button_two_text_color__hover_enabled=\u00a0\u00bboff\u00a0\u00bb button_border_width__hover_enabled=\u00a0\u00bboff\u00a0\u00bb button_one_border_width__hover_enabled=\u00a0\u00bboff\u00a0\u00bb button_two_border_width__hover_enabled=\u00a0\u00bboff\u00a0\u00bb button_border_color__hover_enabled=\u00a0\u00bboff\u00a0\u00bb button_one_border_color__hover_enabled=\u00a0\u00bboff\u00a0\u00bb button_two_border_color__hover_enabled=\u00a0\u00bboff\u00a0\u00bb button_border_radius__hover_enabled=\u00a0\u00bboff\u00a0\u00bb button_one_border_radius__hover_enabled=\u00a0\u00bboff\u00a0\u00bb button_two_border_radius__hover_enabled=\u00a0\u00bboff\u00a0\u00bb button_letter_spacing__hover_enabled=\u00a0\u00bboff\u00a0\u00bb button_one_letter_spacing__hover_enabled=\u00a0\u00bboff\u00a0\u00bb button_two_letter_spacing__hover_enabled=\u00a0\u00bboff\u00a0\u00bb button_bg_color__hover_enabled=\u00a0\u00bboff\u00a0\u00bb button_one_bg_color__hover_enabled=\u00a0\u00bboff\u00a0\u00bb button_two_bg_color__hover_enabled=\u00a0\u00bboff\u00a0\u00bb][\/et_pb_contact_field][et_pb_contact_field field_id=\u00a0\u00bbEmail\u00a0\u00bb field_title=\u00a0\u00bbAdresse \u00e9lectronique\u00a0\u00bb field_type=\u00a0\u00bbemail\u00a0\u00bb _builder_version=\u00a0\u00bb4.22.0&Prime; global_colors_info=\u00a0\u00bb{}\u00a0\u00bb button_text_size__hover_enabled=\u00a0\u00bboff\u00a0\u00bb button_one_text_size__hover_enabled=\u00a0\u00bboff\u00a0\u00bb button_two_text_size__hover_enabled=\u00a0\u00bboff\u00a0\u00bb button_text_color__hover_enabled=\u00a0\u00bboff\u00a0\u00bb button_one_text_color__hover_enabled=\u00a0\u00bboff\u00a0\u00bb button_two_text_color__hover_enabled=\u00a0\u00bboff\u00a0\u00bb button_border_width__hover_enabled=\u00a0\u00bboff\u00a0\u00bb button_one_border_width__hover_enabled=\u00a0\u00bboff\u00a0\u00bb button_two_border_width__hover_enabled=\u00a0\u00bboff\u00a0\u00bb button_border_color__hover_enabled=\u00a0\u00bboff\u00a0\u00bb button_one_border_color__hover_enabled=\u00a0\u00bboff\u00a0\u00bb button_two_border_color__hover_enabled=\u00a0\u00bboff\u00a0\u00bb button_border_radius__hover_enabled=\u00a0\u00bboff\u00a0\u00bb button_one_border_radius__hover_enabled=\u00a0\u00bboff\u00a0\u00bb button_two_border_radius__hover_enabled=\u00a0\u00bboff\u00a0\u00bb button_letter_spacing__hover_enabled=\u00a0\u00bboff\u00a0\u00bb button_one_letter_spacing__hover_enabled=\u00a0\u00bboff\u00a0\u00bb button_two_letter_spacing__hover_enabled=\u00a0\u00bboff\u00a0\u00bb button_bg_color__hover_enabled=\u00a0\u00bboff\u00a0\u00bb button_one_bg_color__hover_enabled=\u00a0\u00bboff\u00a0\u00bb button_two_bg_color__hover_enabled=\u00a0\u00bboff\u00a0\u00bb][\/et_pb_contact_field][et_pb_contact_field field_id=\u00a0\u00bbCompany\u00a0\u00bb field_title=\u00a0\u00bbEntreprise\u00a0\u00bb fullwidth_field=\u00a0\u00bbon\u00a0\u00bb _builder_version=\u00a0\u00bb4.22.0&Prime; _module_preset=\u00a0\u00bbdefault\u00a0\u00bb global_colors_info=\u00a0\u00bb{}\u00a0\u00bb][\/et_pb_contact_field][et_pb_contact_field field_id=\u00a0\u00bbReason\u00a0\u00bb field_title=\u00a0\u00bbMotif du contact\u00a0\u00bb field_type=\u00a0\u00bbselect\u00a0\u00bb select_options=\u00a0\u00bb%91{%22value%22:%22Je souhaite demander un devis%22,%22checked%22:0,%22dragID%22:-1},{%22value%22:%22J&rsquo;ai une grue \u00e0 vendre%22,%22checked%22:0,%22dragID%22:1},{%22value%22:%22J&rsquo;ai une question \u00e0 poser%22,%22checked%22:0,%22dragID%22:0}%93&Prime; fullwidth_field=\u00a0\u00bbon\u00a0\u00bb _builder_version=\u00a0\u00bb4.22.0&Prime; _module_preset=\u00a0\u00bbdefault\u00a0\u00bb global_colors_info=\u00a0\u00bb{}\u00a0\u00bb][\/et_pb_contact_field][et_pb_contact_field field_id=\u00a0\u00bbMessage\u00a0\u00bb field_title=\u00a0\u00bbMessage\u00a0\u00bb field_type=\u00a0\u00bbtext\u00a0\u00bb fullwidth_field=\u00a0\u00bbon\u00a0\u00bb _builder_version=\u00a0\u00bb4.16&Prime; global_colors_info=\u00a0\u00bb{}\u00a0\u00bb button_text_size__hover_enabled=\u00a0\u00bboff\u00a0\u00bb button_one_text_size__hover_enabled=\u00a0\u00bboff\u00a0\u00bb button_two_text_size__hover_enabled=\u00a0\u00bboff\u00a0\u00bb button_text_color__hover_enabled=\u00a0\u00bboff\u00a0\u00bb button_one_text_color__hover_enabled=\u00a0\u00bboff\u00a0\u00bb button_two_text_color__hover_enabled=\u00a0\u00bboff\u00a0\u00bb button_border_width__hover_enabled=\u00a0\u00bboff\u00a0\u00bb button_one_border_width__hover_enabled=\u00a0\u00bboff\u00a0\u00bb button_two_border_width__hover_enabled=\u00a0\u00bboff\u00a0\u00bb button_border_color__hover_enabled=\u00a0\u00bboff\u00a0\u00bb button_one_border_color__hover_enabled=\u00a0\u00bboff\u00a0\u00bb button_two_border_color__hover_enabled=\u00a0\u00bboff\u00a0\u00bb button_border_radius__hover_enabled=\u00a0\u00bboff\u00a0\u00bb button_one_border_radius__hover_enabled=\u00a0\u00bboff\u00a0\u00bb button_two_border_radius__hover_enabled=\u00a0\u00bboff\u00a0\u00bb button_letter_spacing__hover_enabled=\u00a0\u00bboff\u00a0\u00bb button_one_letter_spacing__hover_enabled=\u00a0\u00bboff\u00a0\u00bb button_two_letter_spacing__hover_enabled=\u00a0\u00bboff\u00a0\u00bb button_bg_color__hover_enabled=\u00a0\u00bboff\u00a0\u00bb button_one_bg_color__hover_enabled=\u00a0\u00bboff\u00a0\u00bb button_two_bg_color__hover_enabled=\u00a0\u00bboff\u00a0\u00bb][\/et_pb_contact_field][\/et_pb_contact_form][\/et_pb_column][\/et_pb_row][\/et_pb_section][et_pb_section fb_built=\u00a0\u00bb1&Prime; _builder_version=\u00a0\u00bb4.22.0&Prime; _module_preset=\u00a0\u00bbdefault\u00a0\u00bb background_color=\u00a0\u00bbrgba(163,163,163,0.41)\u00a0\u00bb global_colors_info=\u00a0\u00bb{}\u00a0\u00bb][et_pb_row column_structure=\u00a0\u00bb1_3,1_3,1_3&Prime; _builder_version=\u00a0\u00bb4.22.0&Prime; _module_preset=\u00a0\u00bbdefault\u00a0\u00bb global_colors_info=\u00a0\u00bb{}\u00a0\u00bb][et_pb_column type=\u00a0\u00bb1_3&Prime; _builder_version=\u00a0\u00bb4.22.0&Prime; _module_preset=\u00a0\u00bbdefault\u00a0\u00bb global_colors_info=\u00a0\u00bb{}\u00a0\u00bb][et_pb_text _builder_version=\u00a0\u00bb4.22.0&Prime; _module_preset=\u00a0\u00bbdefault\u00a0\u00bb global_colors_info=\u00a0\u00bb{}\u00a0\u00bb]<\/p>\n<p>Stefca Kraanservice NV<\/p>\n<p>BE0465.442.424<\/p>\n<p>[\/et_pb_text][\/et_pb_column][et_pb_column type=\u00a0\u00bb1_3&Prime; _builder_version=\u00a0\u00bb4.22.0&Prime; _module_preset=\u00a0\u00bbdefault\u00a0\u00bb global_colors_info=\u00a0\u00bb{}\u00a0\u00bb][et_pb_text _builder_version=\u00a0\u00bb4.22.0&Prime; _module_preset=\u00a0\u00bbdefault\u00a0\u00bb global_colors_info=\u00a0\u00bb{}\u00a0\u00bb]<\/p>\n<p>Satenrozen 24<\/p>\n<p>2550 Kontich<\/p>\n<p>Belgique<\/p>\n<p>[\/et_pb_text][\/et_pb_column][et_pb_column type=\u00a0\u00bb1_3&Prime; _builder_version=\u00a0\u00bb4.22.0&Prime; _module_preset=\u00a0\u00bbdefault\u00a0\u00bb global_colors_info=\u00a0\u00bb{}\u00a0\u00bb][et_pb_text _builder_version=\u00a0\u00bb4.22.0&Prime; _module_preset=\u00a0\u00bbdefault\u00a0\u00bb link_text_color=\u00a0\u00bb#495057&Prime; link_option_url_new_window=\u00a0\u00bbon\u00a0\u00bb global_colors_info=\u00a0\u00bb{}\u00a0\u00bb link_text_color__hover_enabled=\u00a0\u00bbon|hover\u00a0\u00bb link_text_color__hover=\u00a0\u00bb#F2C70F\u00a0\u00bb]<\/p>\n<p><span style=\"text-decoration: underline;\"><a href=\"mailto:contact@used-tower-cranes.com\" target=\"_blank\" rel=\"noopener\">contact@used-tower-cranes.com<\/a><\/span><\/p>\n<p>WhatsApp : +32 495 56 45 36<\/p>\n<p>[\/et_pb_text][\/et_pb_column][\/et_pb_row][\/et_pb_section]<\/p>\n","protected":false},"excerpt":{"rendered":"<p>Contactez nousStefca Kraanservice NV BE0465.442.424Satenrozen 24 2550 Kontich Belgiquecontact@used-tower-cranes.com WhatsApp : +32 495 56 45 36<\/p>\n","protected":false},"author":1,"featured_media":0,"parent":0,"menu_order":0,"comment_status":"closed","ping_status":"closed","template":"","meta":{"_acf_changed":false,"_et_pb_use_builder":"on","_et_pb_old_content":"","_et_gb_content_width":"","footnotes":""},"class_list":["post-2075","page","type-page","status-publish","hentry"],"acf":[],"yoast_head":"<!-- This site is optimized with the Yoast SEO plugin v27.2 - https:\/\/yoast.com\/product\/yoast-seo-wordpress\/ -->\n<title>Contact | Used Tower Cranes<\/title>\n<meta name=\"description\" content=\"Contactez Stefca Cranes International pour un devis de grues \u00e0 tour et de grues \u00e0 montage rapide d&#039;occasion. Nous achetons, vendons et exp\u00e9dions dans le monde entier.\" \/>\n<meta name=\"robots\" content=\"index, follow, max-snippet:-1, max-image-preview:large, max-video-preview:-1\" \/>\n<link rel=\"canonical\" href=\"https:\/\/used-tower-cranes.com\/fr\/contact\/\" \/>\n<meta property=\"og:locale\" content=\"fr_FR\" \/>\n<meta property=\"og:type\" content=\"article\" \/>\n<meta property=\"og:title\" content=\"Contact | Used Tower Cranes\" \/>\n<meta property=\"og:description\" content=\"Contactez Stefca Cranes International pour un devis de grues \u00e0 tour et de grues \u00e0 montage rapide d&#039;occasion. Nous achetons, vendons et exp\u00e9dions dans le monde entier.\" \/>\n<meta property=\"og:url\" content=\"https:\/\/used-tower-cranes.com\/fr\/contact\/\" \/>\n<meta property=\"og:site_name\" content=\"Used Tower Cranes\" \/>\n<meta property=\"article:modified_time\" content=\"2024-04-29T06:20:51+00:00\" \/>\n<meta property=\"og:image\" content=\"https:\/\/used-tower-cranes.com\/wp-content\/uploads\/2024\/01\/Banner-Stefca-Cranes-International-2400-x-1000-px-B-1024x427.png\" \/>\n\t<meta property=\"og:image:width\" content=\"1024\" \/>\n\t<meta property=\"og:image:height\" content=\"427\" \/>\n\t<meta property=\"og:image:type\" content=\"image\/png\" \/>\n<meta name=\"twitter:card\" content=\"summary_large_image\" \/>\n<meta name=\"twitter:label1\" content=\"Dur\u00e9e de lecture estim\u00e9e\" \/>\n\t<meta name=\"twitter:data1\" content=\"5 minutes\" \/>\n<script type=\"application\/ld+json\" class=\"yoast-schema-graph\">{\"@context\":\"https:\/\/schema.org\",\"@graph\":[{\"@type\":\"WebPage\",\"@id\":\"https:\/\/used-tower-cranes.com\/fr\/contact\/\",\"url\":\"https:\/\/used-tower-cranes.com\/fr\/contact\/\",\"name\":\"Contact | Used Tower Cranes\",\"isPartOf\":{\"@id\":\"https:\/\/used-tower-cranes.com\/fr\/#website\"},\"datePublished\":\"2023-12-17T15:07:43+00:00\",\"dateModified\":\"2024-04-29T06:20:51+00:00\",\"description\":\"Contactez Stefca Cranes International pour un devis de grues \u00e0 tour et de grues \u00e0 montage rapide d'occasion. Nous achetons, vendons et exp\u00e9dions dans le monde entier.\",\"breadcrumb\":{\"@id\":\"https:\/\/used-tower-cranes.com\/fr\/contact\/#breadcrumb\"},\"inLanguage\":\"fr-FR\",\"potentialAction\":[{\"@type\":\"ReadAction\",\"target\":[\"https:\/\/used-tower-cranes.com\/fr\/contact\/\"]}]},{\"@type\":\"BreadcrumbList\",\"@id\":\"https:\/\/used-tower-cranes.com\/fr\/contact\/#breadcrumb\",\"itemListElement\":[{\"@type\":\"ListItem\",\"position\":1,\"name\":\"Home\",\"item\":\"https:\/\/used-tower-cranes.com\/fr\/accueil\/\"},{\"@type\":\"ListItem\",\"position\":2,\"name\":\"Contact\"}]},{\"@type\":\"WebSite\",\"@id\":\"https:\/\/used-tower-cranes.com\/fr\/#website\",\"url\":\"https:\/\/used-tower-cranes.com\/fr\/\",\"name\":\"Used Tower Cranes\",\"description\":\"We buy and sell worldwide\",\"publisher\":{\"@id\":\"https:\/\/used-tower-cranes.com\/fr\/#organization\"},\"potentialAction\":[{\"@type\":\"SearchAction\",\"target\":{\"@type\":\"EntryPoint\",\"urlTemplate\":\"https:\/\/used-tower-cranes.com\/fr\/?s={search_term_string}\"},\"query-input\":{\"@type\":\"PropertyValueSpecification\",\"valueRequired\":true,\"valueName\":\"search_term_string\"}}],\"inLanguage\":\"fr-FR\"},{\"@type\":\"Organization\",\"@id\":\"https:\/\/used-tower-cranes.com\/fr\/#organization\",\"name\":\"Used Tower Cranes\",\"url\":\"https:\/\/used-tower-cranes.com\/fr\/\",\"logo\":{\"@type\":\"ImageObject\",\"inLanguage\":\"fr-FR\",\"@id\":\"https:\/\/used-tower-cranes.com\/fr\/#\/schema\/logo\/image\/\",\"url\":\"https:\/\/used-tower-cranes.com\/wp-content\/uploads\/2023\/12\/Favicon-yellow-Stefca-Cranes-International-www.used-tower-cranes.com_.png\",\"contentUrl\":\"https:\/\/used-tower-cranes.com\/wp-content\/uploads\/2023\/12\/Favicon-yellow-Stefca-Cranes-International-www.used-tower-cranes.com_.png\",\"width\":500,\"height\":500,\"caption\":\"Used Tower Cranes\"},\"image\":{\"@id\":\"https:\/\/used-tower-cranes.com\/fr\/#\/schema\/logo\/image\/\"}}]}<\/script>\n<!-- \/ Yoast SEO plugin. -->","yoast_head_json":{"title":"Contact | Used Tower Cranes","description":"Contactez Stefca Cranes International pour un devis de grues \u00e0 tour et de grues \u00e0 montage rapide d'occasion. Nous achetons, vendons et exp\u00e9dions dans le monde entier.","robots":{"index":"index","follow":"follow","max-snippet":"max-snippet:-1","max-image-preview":"max-image-preview:large","max-video-preview":"max-video-preview:-1"},"canonical":"https:\/\/used-tower-cranes.com\/fr\/contact\/","og_locale":"fr_FR","og_type":"article","og_title":"Contact | Used Tower Cranes","og_description":"Contactez Stefca Cranes International pour un devis de grues \u00e0 tour et de grues \u00e0 montage rapide d'occasion. Nous achetons, vendons et exp\u00e9dions dans le monde entier.","og_url":"https:\/\/used-tower-cranes.com\/fr\/contact\/","og_site_name":"Used Tower Cranes","article_modified_time":"2024-04-29T06:20:51+00:00","og_image":[{"width":1024,"height":427,"url":"https:\/\/used-tower-cranes.com\/wp-content\/uploads\/2024\/01\/Banner-Stefca-Cranes-International-2400-x-1000-px-B-1024x427.png","type":"image\/png"}],"twitter_card":"summary_large_image","twitter_misc":{"Dur\u00e9e de lecture estim\u00e9e":"5 minutes"},"schema":{"@context":"https:\/\/schema.org","@graph":[{"@type":"WebPage","@id":"https:\/\/used-tower-cranes.com\/fr\/contact\/","url":"https:\/\/used-tower-cranes.com\/fr\/contact\/","name":"Contact | Used Tower Cranes","isPartOf":{"@id":"https:\/\/used-tower-cranes.com\/fr\/#website"},"datePublished":"2023-12-17T15:07:43+00:00","dateModified":"2024-04-29T06:20:51+00:00","description":"Contactez Stefca Cranes International pour un devis de grues \u00e0 tour et de grues \u00e0 montage rapide d'occasion. Nous achetons, vendons et exp\u00e9dions dans le monde entier.","breadcrumb":{"@id":"https:\/\/used-tower-cranes.com\/fr\/contact\/#breadcrumb"},"inLanguage":"fr-FR","potentialAction":[{"@type":"ReadAction","target":["https:\/\/used-tower-cranes.com\/fr\/contact\/"]}]},{"@type":"BreadcrumbList","@id":"https:\/\/used-tower-cranes.com\/fr\/contact\/#breadcrumb","itemListElement":[{"@type":"ListItem","position":1,"name":"Home","item":"https:\/\/used-tower-cranes.com\/fr\/accueil\/"},{"@type":"ListItem","position":2,"name":"Contact"}]},{"@type":"WebSite","@id":"https:\/\/used-tower-cranes.com\/fr\/#website","url":"https:\/\/used-tower-cranes.com\/fr\/","name":"Used Tower Cranes","description":"We buy and sell worldwide","publisher":{"@id":"https:\/\/used-tower-cranes.com\/fr\/#organization"},"potentialAction":[{"@type":"SearchAction","target":{"@type":"EntryPoint","urlTemplate":"https:\/\/used-tower-cranes.com\/fr\/?s={search_term_string}"},"query-input":{"@type":"PropertyValueSpecification","valueRequired":true,"valueName":"search_term_string"}}],"inLanguage":"fr-FR"},{"@type":"Organization","@id":"https:\/\/used-tower-cranes.com\/fr\/#organization","name":"Used Tower Cranes","url":"https:\/\/used-tower-cranes.com\/fr\/","logo":{"@type":"ImageObject","inLanguage":"fr-FR","@id":"https:\/\/used-tower-cranes.com\/fr\/#\/schema\/logo\/image\/","url":"https:\/\/used-tower-cranes.com\/wp-content\/uploads\/2023\/12\/Favicon-yellow-Stefca-Cranes-International-www.used-tower-cranes.com_.png","contentUrl":"https:\/\/used-tower-cranes.com\/wp-content\/uploads\/2023\/12\/Favicon-yellow-Stefca-Cranes-International-www.used-tower-cranes.com_.png","width":500,"height":500,"caption":"Used Tower Cranes"},"image":{"@id":"https:\/\/used-tower-cranes.com\/fr\/#\/schema\/logo\/image\/"}}]}},"_links":{"self":[{"href":"https:\/\/used-tower-cranes.com\/fr\/wp-json\/wp\/v2\/pages\/2075","targetHints":{"allow":["GET"]}}],"collection":[{"href":"https:\/\/used-tower-cranes.com\/fr\/wp-json\/wp\/v2\/pages"}],"about":[{"href":"https:\/\/used-tower-cranes.com\/fr\/wp-json\/wp\/v2\/types\/page"}],"author":[{"embeddable":true,"href":"https:\/\/used-tower-cranes.com\/fr\/wp-json\/wp\/v2\/users\/1"}],"replies":[{"embeddable":true,"href":"https:\/\/used-tower-cranes.com\/fr\/wp-json\/wp\/v2\/comments?post=2075"}],"version-history":[{"count":4,"href":"https:\/\/used-tower-cranes.com\/fr\/wp-json\/wp\/v2\/pages\/2075\/revisions"}],"predecessor-version":[{"id":2770,"href":"https:\/\/used-tower-cranes.com\/fr\/wp-json\/wp\/v2\/pages\/2075\/revisions\/2770"}],"wp:attachment":[{"href":"https:\/\/used-tower-cranes.com\/fr\/wp-json\/wp\/v2\/media?parent=2075"}],"curies":[{"name":"wp","href":"https:\/\/api.w.org\/{rel}","templated":true}]}}