{"id":2072,"date":"2023-12-17T16:13:20","date_gmt":"2023-12-17T15:13:20","guid":{"rendered":"https:\/\/used-tower-cranes.com\/a-propos-de-nous\/"},"modified":"2024-12-03T07:35:45","modified_gmt":"2024-12-03T06:35:45","slug":"a-propos-de-nous","status":"publish","type":"page","link":"https:\/\/used-tower-cranes.com\/fr\/a-propos-de-nous\/","title":{"rendered":"A propos de nous"},"content":{"rendered":"<p>[et_pb_section fb_built=\u00a0\u00bb1&Prime; _builder_version=\u00a0\u00bb4.22.0&Prime; _module_preset=\u00a0\u00bbdefault\u00a0\u00bb global_colors_info=\u00a0\u00bb{}\u00a0\u00bb][et_pb_row _builder_version=\u00a0\u00bb4.22.0&Prime; _module_preset=\u00a0\u00bbdefault\u00a0\u00bb global_colors_info=\u00a0\u00bb{}\u00a0\u00bb][et_pb_column type=\u00a0\u00bb4_4&Prime; _builder_version=\u00a0\u00bb4.22.0&Prime; _module_preset=\u00a0\u00bbdefault\u00a0\u00bb global_colors_info=\u00a0\u00bb{}\u00a0\u00bb][et_pb_text _builder_version=\u00a0\u00bb4.22.0&Prime; _module_preset=\u00a0\u00bbdefault\u00a0\u00bb header_font_size_tablet=\u00a0\u00bb\u00a0\u00bb header_font_size_phone=\u00a0\u00bb30px\u00a0\u00bb header_font_size_last_edited=\u00a0\u00bbon|phone\u00a0\u00bb global_colors_info=\u00a0\u00bb{}\u00a0\u00bb]<\/p>\n<h1 style=\"text-align: center;\">\u00c0 propos de Stefca<\/h1>\n<p>[\/et_pb_text][\/et_pb_column][\/et_pb_row][et_pb_row column_structure=\u00a0\u00bb3_5,2_5&Prime; _builder_version=\u00a0\u00bb4.22.0&Prime; _module_preset=\u00a0\u00bbdefault\u00a0\u00bb global_colors_info=\u00a0\u00bb{}\u00a0\u00bb][et_pb_column type=\u00a0\u00bb3_5&Prime; _builder_version=\u00a0\u00bb4.22.0&Prime; _module_preset=\u00a0\u00bbdefault\u00a0\u00bb global_colors_info=\u00a0\u00bb{}\u00a0\u00bb][et_pb_text _builder_version=\u00a0\u00bb4.22.0&Prime; _module_preset=\u00a0\u00bbdefault\u00a0\u00bb header_4_font_size=\u00a0\u00bb20px\u00a0\u00bb header_4_font_size_tablet=\u00a0\u00bb20px\u00a0\u00bb header_4_font_size_phone=\u00a0\u00bb20px\u00a0\u00bb header_4_font_size_last_edited=\u00a0\u00bbon|desktop\u00a0\u00bb global_colors_info=\u00a0\u00bb{}\u00a0\u00bb]<\/p>\n<h4><span data-contrast=\"none\">Stefca Kraanservice<\/span><\/h4>\n<p><span data-contrast=\"none\">Stefca Kraanservice a \u00e9t\u00e9 fond\u00e9 en 1999 par M. Frans Aertsen. Avec plus de 20 ans d&rsquo;exp\u00e9rience dans le secteur du b\u00e2timent, de l&rsquo;assemblage et de la construction, Stefca est devenu l&rsquo;un des principaux acteurs ind\u00e9pendants du march\u00e9 belge.  <\/span><span> <\/span><\/p>\n<p><span data-contrast=\"none\">Pour le march\u00e9 belge, Stefca se concentre principalement sur la vente et la location de grues neuves et d&rsquo;occasion, telles que Potain, Cattaneo, Arcomet et Vicario, ainsi que sur des services tels que l&rsquo;entretien, le transport, le montage et le d\u00e9montage de grues de construction.<\/span><span> <\/span><\/p>\n<p>[\/et_pb_text][\/et_pb_column][et_pb_column type=\u00a0\u00bb2_5&Prime; _builder_version=\u00a0\u00bb4.22.0&Prime; _module_preset=\u00a0\u00bbdefault\u00a0\u00bb global_colors_info=\u00a0\u00bb{}\u00a0\u00bb][et_pb_image src=\u00a0\u00bbhttps:\/\/used-tower-cranes.com\/wp-content\/uploads\/2023\/12\/POTAIN-HUP-32-27-2019-sn612881-1.jpg\u00a0\u00bb title_text=\u00a0\u00bbPOTAIN HUP 32-27&#8211;2019-sn612881-1&Prime; _builder_version=\u00a0\u00bb4.22.0&Prime; _module_preset=\u00a0\u00bbdefault\u00a0\u00bb global_colors_info=\u00a0\u00bb{}\u00a0\u00bb][\/et_pb_image][\/et_pb_column][\/et_pb_row][et_pb_row _builder_version=\u00a0\u00bb4.22.0&Prime; _module_preset=\u00a0\u00bbdefault\u00a0\u00bb global_colors_info=\u00a0\u00bb{}\u00a0\u00bb][et_pb_column type=\u00a0\u00bb4_4&Prime; _builder_version=\u00a0\u00bb4.22.0&Prime; _module_preset=\u00a0\u00bbdefault\u00a0\u00bb global_colors_info=\u00a0\u00bb{}\u00a0\u00bb][et_pb_text _builder_version=\u00a0\u00bb4.22.0&Prime; _module_preset=\u00a0\u00bbdefault\u00a0\u00bb header_4_font_size=\u00a0\u00bb20px\u00a0\u00bb global_colors_info=\u00a0\u00bb{}\u00a0\u00bb]<\/p>\n<h4>Stefca Cranes International<span><\/span><\/h4>\n<p><span data-contrast=\"none\">Stefca Cranes International est sp\u00e9cialis\u00e9 dans le commerce mondial de grues \u00e0 montage rapide et de grues \u00e0 tour, neuves et d&rsquo;occasion, de marques renomm\u00e9es telles que Potain, Liebherr, Terex, Wolff, Saez, Jaso, Soima, et bien d&rsquo;autres encore.<\/span><br \/><span><\/span><\/p>\n<p><span data-contrast=\"none\">Avec plus de 500 clients satisfaits, Stefca excelle dans la vente, le service, la location, le transport et l&rsquo;exp\u00e9dition dans le monde entier. L&rsquo;entreprise est rompue au chargement des grues dans les conteneurs, au transport routier dans toute l&rsquo;Europe et \u00e0 l&rsquo;\u00e9tablissement de tous les documents n\u00e9cessaires \u00e0 l&rsquo;exportation et \u00e0 l&rsquo;importation.  <\/span><span> <\/span><\/p>\n<p>[\/et_pb_text][\/et_pb_column][\/et_pb_row][et_pb_row _builder_version=\u00a0\u00bb4.22.0&Prime; _module_preset=\u00a0\u00bbdefault\u00a0\u00bb global_colors_info=\u00a0\u00bb{}\u00a0\u00bb][et_pb_column type=\u00a0\u00bb4_4&Prime; _builder_version=\u00a0\u00bb4.22.0&Prime; _module_preset=\u00a0\u00bbdefault\u00a0\u00bb global_colors_info=\u00a0\u00bb{}\u00a0\u00bb][et_pb_testimonial quote_icon=\u00a0\u00bboff\u00a0\u00bb _builder_version=\u00a0\u00bb4.22.0&Prime; _module_preset=\u00a0\u00bbdefault\u00a0\u00bb body_text_color=\u00a0\u00bb#495057&Prime; body_font_size=\u00a0\u00bb23px\u00a0\u00bb background_color=\u00a0\u00bb#F2C70F\u00a0\u00bb body_font_size_tablet=\u00a0\u00bb23px\u00a0\u00bb body_font_size_phone=\u00a0\u00bb18px\u00a0\u00bb body_font_size_last_edited=\u00a0\u00bbon|desktop\u00a0\u00bb global_colors_info=\u00a0\u00bb{}\u00a0\u00bb]<\/p>\n<p style=\"text-align: center;\"><span data-contrast=\"none\" class=\"TextRun SCXO238357328 BCX0\" xml:lang=\"EN-US\" lang=\"EN-US\"><span class=\"SpellingError SCXO238357328 BCX0\">Stefca <\/span><span class=\"SpellingError SCXO238357328 BCX0\">Kraanservice<\/span><span class=\"NormalTextRun SCXO238357328 BCX0\"><span> <\/span>et<span> <\/span><\/span><span class=\"SpellingError SCXO238357328 BCX0\">Stefca<\/span><span class=\"NormalTextRun SCXO238357328 BCX0\"><span> <\/span>Cranes International sont des partenaires fiables et honn\u00eates, qui s&rsquo;engagent \u00e0 contribuer \u00e0 un avenir meilleur dans le secteur de la construction.<\/span><\/span><span class=\"EOP SCXO238357328 BCX0\"> <\/span><\/p>\n<p>[\/et_pb_testimonial][\/et_pb_column][\/et_pb_row][\/et_pb_section]<\/p>\n","protected":false},"excerpt":{"rendered":"<p>\u00c0 propos de StefcaStefca Kraanservice Stefca Kraanservice a \u00e9t\u00e9 fond\u00e9 en 1999 par M. Frans Aertsen. Avec plus de 20 ans d&rsquo;exp\u00e9rience dans le secteur du b\u00e2timent, de l&rsquo;assemblage et de la construction, Stefca est devenu l&rsquo;un des principaux acteurs ind\u00e9pendants du march\u00e9 belge. Pour le march\u00e9 belge, Stefca se concentre principalement sur la vente [&hellip;]<\/p>\n","protected":false},"author":1,"featured_media":0,"parent":0,"menu_order":0,"comment_status":"closed","ping_status":"closed","template":"","meta":{"_acf_changed":false,"_et_pb_use_builder":"on","_et_pb_old_content":"","_et_gb_content_width":"","footnotes":""},"class_list":["post-2072","page","type-page","status-publish","hentry"],"acf":[],"yoast_head":"<!-- This site is optimized with the Yoast SEO plugin v27.2 - https:\/\/yoast.com\/product\/yoast-seo-wordpress\/ -->\n<title>A propos de Stefca Cranes International | Used Tower Cranes<\/title>\n<meta name=\"description\" content=\"Stefca Cranes International est sp\u00e9cialis\u00e9 dans le commerce mondial de grues \u00e0 montage rapide, de grues mobiles et de grues \u00e0 tour, neuves et d&#039;occasion.\" \/>\n<meta name=\"robots\" content=\"index, follow, max-snippet:-1, max-image-preview:large, max-video-preview:-1\" \/>\n<link rel=\"canonical\" href=\"https:\/\/used-tower-cranes.com\/fr\/a-propos-de-nous\/\" \/>\n<meta property=\"og:locale\" content=\"fr_FR\" \/>\n<meta property=\"og:type\" content=\"article\" \/>\n<meta property=\"og:title\" content=\"A propos de Stefca Cranes International | Used Tower Cranes\" \/>\n<meta property=\"og:description\" content=\"Stefca Cranes International est sp\u00e9cialis\u00e9 dans le commerce mondial de grues \u00e0 montage rapide, de grues mobiles et de grues \u00e0 tour, neuves et d&#039;occasion.\" \/>\n<meta property=\"og:url\" content=\"https:\/\/used-tower-cranes.com\/fr\/a-propos-de-nous\/\" \/>\n<meta property=\"og:site_name\" content=\"Used Tower Cranes\" \/>\n<meta property=\"article:modified_time\" content=\"2024-12-03T06:35:45+00:00\" \/>\n<meta property=\"og:image\" content=\"https:\/\/used-tower-cranes.com\/wp-content\/uploads\/2024\/01\/Banner-Stefca-Cranes-International-2400-x-1000-px-B-1024x427.png\" \/>\n\t<meta property=\"og:image:width\" content=\"1024\" \/>\n\t<meta property=\"og:image:height\" content=\"427\" \/>\n\t<meta property=\"og:image:type\" content=\"image\/png\" \/>\n<meta name=\"twitter:card\" content=\"summary_large_image\" \/>\n<meta name=\"twitter:label1\" content=\"Dur\u00e9e de lecture estim\u00e9e\" \/>\n\t<meta name=\"twitter:data1\" content=\"3 minutes\" \/>\n<script type=\"application\/ld+json\" class=\"yoast-schema-graph\">{\"@context\":\"https:\/\/schema.org\",\"@graph\":[{\"@type\":\"WebPage\",\"@id\":\"https:\/\/used-tower-cranes.com\/fr\/a-propos-de-nous\/\",\"url\":\"https:\/\/used-tower-cranes.com\/fr\/a-propos-de-nous\/\",\"name\":\"A propos de Stefca Cranes International | Used Tower Cranes\",\"isPartOf\":{\"@id\":\"https:\/\/used-tower-cranes.com\/fr\/#website\"},\"datePublished\":\"2023-12-17T15:13:20+00:00\",\"dateModified\":\"2024-12-03T06:35:45+00:00\",\"description\":\"Stefca Cranes International est sp\u00e9cialis\u00e9 dans le commerce mondial de grues \u00e0 montage rapide, de grues mobiles et de grues \u00e0 tour, neuves et d'occasion.\",\"breadcrumb\":{\"@id\":\"https:\/\/used-tower-cranes.com\/fr\/a-propos-de-nous\/#breadcrumb\"},\"inLanguage\":\"fr-FR\",\"potentialAction\":[{\"@type\":\"ReadAction\",\"target\":[\"https:\/\/used-tower-cranes.com\/fr\/a-propos-de-nous\/\"]}]},{\"@type\":\"BreadcrumbList\",\"@id\":\"https:\/\/used-tower-cranes.com\/fr\/a-propos-de-nous\/#breadcrumb\",\"itemListElement\":[{\"@type\":\"ListItem\",\"position\":1,\"name\":\"Home\",\"item\":\"https:\/\/used-tower-cranes.com\/fr\/accueil\/\"},{\"@type\":\"ListItem\",\"position\":2,\"name\":\"A propos de nous\"}]},{\"@type\":\"WebSite\",\"@id\":\"https:\/\/used-tower-cranes.com\/fr\/#website\",\"url\":\"https:\/\/used-tower-cranes.com\/fr\/\",\"name\":\"Used Tower Cranes\",\"description\":\"We buy and sell worldwide\",\"publisher\":{\"@id\":\"https:\/\/used-tower-cranes.com\/fr\/#organization\"},\"potentialAction\":[{\"@type\":\"SearchAction\",\"target\":{\"@type\":\"EntryPoint\",\"urlTemplate\":\"https:\/\/used-tower-cranes.com\/fr\/?s={search_term_string}\"},\"query-input\":{\"@type\":\"PropertyValueSpecification\",\"valueRequired\":true,\"valueName\":\"search_term_string\"}}],\"inLanguage\":\"fr-FR\"},{\"@type\":\"Organization\",\"@id\":\"https:\/\/used-tower-cranes.com\/fr\/#organization\",\"name\":\"Used Tower Cranes\",\"url\":\"https:\/\/used-tower-cranes.com\/fr\/\",\"logo\":{\"@type\":\"ImageObject\",\"inLanguage\":\"fr-FR\",\"@id\":\"https:\/\/used-tower-cranes.com\/fr\/#\/schema\/logo\/image\/\",\"url\":\"https:\/\/used-tower-cranes.com\/wp-content\/uploads\/2023\/12\/Favicon-yellow-Stefca-Cranes-International-www.used-tower-cranes.com_.png\",\"contentUrl\":\"https:\/\/used-tower-cranes.com\/wp-content\/uploads\/2023\/12\/Favicon-yellow-Stefca-Cranes-International-www.used-tower-cranes.com_.png\",\"width\":500,\"height\":500,\"caption\":\"Used Tower Cranes\"},\"image\":{\"@id\":\"https:\/\/used-tower-cranes.com\/fr\/#\/schema\/logo\/image\/\"}}]}<\/script>\n<!-- \/ Yoast SEO plugin. -->","yoast_head_json":{"title":"A propos de Stefca Cranes International | Used Tower Cranes","description":"Stefca Cranes International est sp\u00e9cialis\u00e9 dans le commerce mondial de grues \u00e0 montage rapide, de grues mobiles et de grues \u00e0 tour, neuves et d'occasion.","robots":{"index":"index","follow":"follow","max-snippet":"max-snippet:-1","max-image-preview":"max-image-preview:large","max-video-preview":"max-video-preview:-1"},"canonical":"https:\/\/used-tower-cranes.com\/fr\/a-propos-de-nous\/","og_locale":"fr_FR","og_type":"article","og_title":"A propos de Stefca Cranes International | Used Tower Cranes","og_description":"Stefca Cranes International est sp\u00e9cialis\u00e9 dans le commerce mondial de grues \u00e0 montage rapide, de grues mobiles et de grues \u00e0 tour, neuves et d'occasion.","og_url":"https:\/\/used-tower-cranes.com\/fr\/a-propos-de-nous\/","og_site_name":"Used Tower Cranes","article_modified_time":"2024-12-03T06:35:45+00:00","og_image":[{"width":1024,"height":427,"url":"https:\/\/used-tower-cranes.com\/wp-content\/uploads\/2024\/01\/Banner-Stefca-Cranes-International-2400-x-1000-px-B-1024x427.png","type":"image\/png"}],"twitter_card":"summary_large_image","twitter_misc":{"Dur\u00e9e de lecture estim\u00e9e":"3 minutes"},"schema":{"@context":"https:\/\/schema.org","@graph":[{"@type":"WebPage","@id":"https:\/\/used-tower-cranes.com\/fr\/a-propos-de-nous\/","url":"https:\/\/used-tower-cranes.com\/fr\/a-propos-de-nous\/","name":"A propos de Stefca Cranes International | Used Tower Cranes","isPartOf":{"@id":"https:\/\/used-tower-cranes.com\/fr\/#website"},"datePublished":"2023-12-17T15:13:20+00:00","dateModified":"2024-12-03T06:35:45+00:00","description":"Stefca Cranes International est sp\u00e9cialis\u00e9 dans le commerce mondial de grues \u00e0 montage rapide, de grues mobiles et de grues \u00e0 tour, neuves et d'occasion.","breadcrumb":{"@id":"https:\/\/used-tower-cranes.com\/fr\/a-propos-de-nous\/#breadcrumb"},"inLanguage":"fr-FR","potentialAction":[{"@type":"ReadAction","target":["https:\/\/used-tower-cranes.com\/fr\/a-propos-de-nous\/"]}]},{"@type":"BreadcrumbList","@id":"https:\/\/used-tower-cranes.com\/fr\/a-propos-de-nous\/#breadcrumb","itemListElement":[{"@type":"ListItem","position":1,"name":"Home","item":"https:\/\/used-tower-cranes.com\/fr\/accueil\/"},{"@type":"ListItem","position":2,"name":"A propos de nous"}]},{"@type":"WebSite","@id":"https:\/\/used-tower-cranes.com\/fr\/#website","url":"https:\/\/used-tower-cranes.com\/fr\/","name":"Used Tower Cranes","description":"We buy and sell worldwide","publisher":{"@id":"https:\/\/used-tower-cranes.com\/fr\/#organization"},"potentialAction":[{"@type":"SearchAction","target":{"@type":"EntryPoint","urlTemplate":"https:\/\/used-tower-cranes.com\/fr\/?s={search_term_string}"},"query-input":{"@type":"PropertyValueSpecification","valueRequired":true,"valueName":"search_term_string"}}],"inLanguage":"fr-FR"},{"@type":"Organization","@id":"https:\/\/used-tower-cranes.com\/fr\/#organization","name":"Used Tower Cranes","url":"https:\/\/used-tower-cranes.com\/fr\/","logo":{"@type":"ImageObject","inLanguage":"fr-FR","@id":"https:\/\/used-tower-cranes.com\/fr\/#\/schema\/logo\/image\/","url":"https:\/\/used-tower-cranes.com\/wp-content\/uploads\/2023\/12\/Favicon-yellow-Stefca-Cranes-International-www.used-tower-cranes.com_.png","contentUrl":"https:\/\/used-tower-cranes.com\/wp-content\/uploads\/2023\/12\/Favicon-yellow-Stefca-Cranes-International-www.used-tower-cranes.com_.png","width":500,"height":500,"caption":"Used Tower Cranes"},"image":{"@id":"https:\/\/used-tower-cranes.com\/fr\/#\/schema\/logo\/image\/"}}]}},"_links":{"self":[{"href":"https:\/\/used-tower-cranes.com\/fr\/wp-json\/wp\/v2\/pages\/2072","targetHints":{"allow":["GET"]}}],"collection":[{"href":"https:\/\/used-tower-cranes.com\/fr\/wp-json\/wp\/v2\/pages"}],"about":[{"href":"https:\/\/used-tower-cranes.com\/fr\/wp-json\/wp\/v2\/types\/page"}],"author":[{"embeddable":true,"href":"https:\/\/used-tower-cranes.com\/fr\/wp-json\/wp\/v2\/users\/1"}],"replies":[{"embeddable":true,"href":"https:\/\/used-tower-cranes.com\/fr\/wp-json\/wp\/v2\/comments?post=2072"}],"version-history":[{"count":8,"href":"https:\/\/used-tower-cranes.com\/fr\/wp-json\/wp\/v2\/pages\/2072\/revisions"}],"predecessor-version":[{"id":3078,"href":"https:\/\/used-tower-cranes.com\/fr\/wp-json\/wp\/v2\/pages\/2072\/revisions\/3078"}],"wp:attachment":[{"href":"https:\/\/used-tower-cranes.com\/fr\/wp-json\/wp\/v2\/media?parent=2072"}],"curies":[{"name":"wp","href":"https:\/\/api.w.org\/{rel}","templated":true}]}}