{"id":2069,"date":"2023-12-02T19:04:53","date_gmt":"2023-12-02T18:04:53","guid":{"rendered":"https:\/\/used-tower-cranes.com\/politique-en-matiere-de-cookies\/"},"modified":"2024-02-16T10:38:18","modified_gmt":"2024-02-16T09:38:18","slug":"politique-en-matiere-de-cookies","status":"publish","type":"page","link":"https:\/\/used-tower-cranes.com\/fr\/politique-en-matiere-de-cookies\/","title":{"rendered":"Politique en mati\u00e8re de cookies"},"content":{"rendered":"<p>[et_pb_section fb_built=\u00a0\u00bb1&Prime; _builder_version=\u00a0\u00bb4.22.0&Prime; _module_preset=\u00a0\u00bbdefault\u00a0\u00bb global_colors_info=\u00a0\u00bb{}\u00a0\u00bb][et_pb_row _builder_version=\u00a0\u00bb4.22.0&Prime; _module_preset=\u00a0\u00bbdefault\u00a0\u00bb global_colors_info=\u00a0\u00bb{}\u00a0\u00bb][et_pb_column type=\u00a0\u00bb4_4&Prime; _builder_version=\u00a0\u00bb4.22.0&Prime; _module_preset=\u00a0\u00bbdefault\u00a0\u00bb global_colors_info=\u00a0\u00bb{}\u00a0\u00bb][et_pb_text _builder_version=\u00a0\u00bb4.22.0&Prime; _module_preset=\u00a0\u00bbdefault\u00a0\u00bb global_colors_info=\u00a0\u00bb{}\u00a0\u00bb]<\/p>\n<p>&nbsp;<\/p>\n<h1 class=\"cookie-policy-h1\">Politique en mati\u00e8re de cookies<\/h1>\n<p>Derni\u00e8re mise \u00e0 jour : 02-Dec-2023<\/p>\n<p>&nbsp;<\/p>\n<h5>Qu&rsquo;est-ce qu&rsquo;un cookie ?<\/h5>\n<div class=\"cookie-policy-p\">\n<p>La pr\u00e9sente politique en mati\u00e8re de cookies explique ce que sont les cookies et comment nous les utilisons, les types de cookies que nous utilisons, c&rsquo;est-\u00e0-dire les informations que nous recueillons \u00e0 l&rsquo;aide des cookies et la mani\u00e8re dont ces informations sont utilis\u00e9es, ainsi que la mani\u00e8re de g\u00e9rer les param\u00e8tres des cookies.<\/p>\n<p>Les cookies sont de petits fichiers texte utilis\u00e9s pour stocker de petits \u00e9l\u00e9ments d&rsquo;information. Ils sont stock\u00e9s sur votre appareil lorsque le site web est charg\u00e9 sur votre navigateur. Ces cookies nous aident \u00e0 faire fonctionner le site web correctement, \u00e0 le rendre plus s\u00fbr, \u00e0 offrir une meilleure exp\u00e9rience \u00e0 l&rsquo;utilisateur, \u00e0 comprendre comment le site web fonctionne et \u00e0 analyser ce qui fonctionne et ce qui doit \u00eatre am\u00e9lior\u00e9.<\/p>\n<\/div>\n<p>&nbsp;<\/p>\n<h5>Comment utilisons-nous les cookies ?<\/h5>\n<div class=\"cookie-policy-p\">\n<p>Comme la plupart des services en ligne, notre site web utilise des cookies de premi\u00e8re et de tierce partie \u00e0 plusieurs fins. Les cookies de premi\u00e8re partie sont essentiellement n\u00e9cessaires au bon fonctionnement du site web et ne collectent aucune de vos donn\u00e9es personnelles identifiables.<\/p>\n<p>Les cookies tiers utilis\u00e9s sur notre site web servent principalement \u00e0 comprendre comment le site web fonctionne, comment vous interagissez avec notre site web, \u00e0 assurer la s\u00e9curit\u00e9 de nos services, \u00e0 fournir des publicit\u00e9s pertinentes pour vous et, dans l&rsquo;ensemble, \u00e0 vous offrir une exp\u00e9rience utilisateur meilleure et am\u00e9lior\u00e9e et \u00e0 acc\u00e9l\u00e9rer vos interactions futures avec notre site web.<\/p>\n<\/div>\n<p>&nbsp;<\/p>\n<h5>Types de cookies que nous utilisons<\/h5>\n<div class=\"cky-audit-table-element\"><\/div>\n<p>&nbsp;<\/p>\n<h5 style=\"margin-bottom: 20px;\">G\u00e9rer les pr\u00e9f\u00e9rences en mati\u00e8re de cookies<\/h5>\n<p><a class=\"cky-banner-element\">Param\u00e8tres des cookies<\/a><\/p>\n<div>\n<p>Vous pouvez modifier vos pr\u00e9f\u00e9rences en mati\u00e8re de cookies \u00e0 tout moment en cliquant sur le bouton ci-dessus. Cela vous permettra de revenir sur la banni\u00e8re de consentement aux cookies et de modifier vos pr\u00e9f\u00e9rences ou de retirer votre consentement imm\u00e9diatement.<\/p>\n<p>En outre, les navigateurs proposent des m\u00e9thodes diff\u00e9rentes pour bloquer et supprimer les cookies utilis\u00e9s par les sites web. Vous pouvez modifier les param\u00e8tres de votre navigateur pour bloquer\/supprimer les cookies. Vous trouverez ci-dessous les liens vers les documents d&rsquo;aide qui expliquent comment g\u00e9rer et supprimer les cookies des principaux navigateurs web.<\/p>\n<p>Chrome <a href=\"https:\/\/support.google.com\/accounts\/answer\/32050\" target=\"_blank\" rel=\"noopener\">: https:\/\/support.google.com\/accounts\/answer\/32050<\/a><\/p>\n<p>Safari <a href=\"https:\/\/support.apple.com\/en-in\/guide\/safari\/sfri11471\/mac\" target=\"_blank\" rel=\"noopener\">: https:\/\/support.apple.com\/en-in\/guide\/safari\/sfri11471\/mac<\/a><\/p>\n<p>Firefox <a href=\"https:\/\/support.mozilla.org\/en-US\/kb\/clear-cookies-and-site-data-firefox?redirectslug=delete-cookies-remove-info-websites-stored&amp;redirectlocale=en-US\" target=\"_blank\" rel=\"noopener\">: https:\/\/support.mozilla.org\/en-US\/kb\/clear-cookies-and-site-data-firefox?redirectslug=delete-cookies-remove-info-websites-stored&amp;redirectlocale=en-US<\/a><\/p>\n<p>Internet Explorer <a href=\"https:\/\/support.microsoft.com\/en-us\/topic\/how-to-delete-cookie-files-in-internet-explorer-bca9446f-d873-78de-77ba-d42645fa52fc\" target=\"_blank\" rel=\"noopener\">: https:\/\/support.microsoft.com\/en-us\/topic\/how-to-delete-cookie-files-in-internet-explorer-bca9446f-d873-78de-77ba-d42645fa52fc<\/a><\/p>\n<p>Si vous utilisez un autre navigateur web, veuillez consulter les documents d&rsquo;assistance officiels de votre navigateur.<\/p>\n<\/div>\n<p>&nbsp;<\/p>\n<p class=\"cookie-policy-p\">Cookie Policy g\u00e9n\u00e9r\u00e9 par <a target=\"_blank\" href=\"https:\/\/www.cookieyes.com\/?utm_source=CP&amp;utm_medium=footer&amp;utm_campaign=UW\" rel=\"noopener\">CookieYes &#8211; G\u00e9n\u00e9rateur de politique de cookies<\/a>.<\/p>\n<p>[\/et_pb_text][\/et_pb_column][\/et_pb_row][\/et_pb_section]<\/p>\n","protected":false},"excerpt":{"rendered":"<p>&nbsp; Politique en mati\u00e8re de cookies Derni\u00e8re mise \u00e0 jour : 02-Dec-2023 &nbsp; Qu&rsquo;est-ce qu&rsquo;un cookie ? La pr\u00e9sente politique en mati\u00e8re de cookies explique ce que sont les cookies et comment nous les utilisons, les types de cookies que nous utilisons, c&rsquo;est-\u00e0-dire les informations que nous recueillons \u00e0 l&rsquo;aide des cookies et la mani\u00e8re [&hellip;]<\/p>\n","protected":false},"author":1,"featured_media":0,"parent":0,"menu_order":0,"comment_status":"closed","ping_status":"closed","template":"","meta":{"_acf_changed":false,"_et_pb_use_builder":"on","_et_pb_old_content":"","_et_gb_content_width":"","footnotes":""},"class_list":["post-2069","page","type-page","status-publish","hentry"],"acf":[],"yoast_head":"<!-- This site is optimized with the Yoast SEO plugin v27.2 - https:\/\/yoast.com\/product\/yoast-seo-wordpress\/ -->\n<title>Politique en mati\u00e8re de cookies | Used Tower Cranes<\/title>\n<meta name=\"description\" content=\"Discover our selection of reliable used tower cranes, mobile cranes, and self-erecting cranes at Used-Tower-Cranes.com. Browse our inventory for quality pre-owned construction equipment from trusted brands worldwide.\" \/>\n<meta name=\"robots\" content=\"index, follow, max-snippet:-1, max-image-preview:large, max-video-preview:-1\" \/>\n<link rel=\"canonical\" href=\"https:\/\/used-tower-cranes.com\/fr\/politique-en-matiere-de-cookies\/\" \/>\n<meta property=\"og:locale\" content=\"fr_FR\" \/>\n<meta property=\"og:type\" content=\"article\" \/>\n<meta property=\"og:title\" content=\"Politique en mati\u00e8re de cookies | Used Tower Cranes\" \/>\n<meta property=\"og:description\" content=\"Discover our selection of reliable used tower cranes, mobile cranes, and self-erecting cranes at Used-Tower-Cranes.com. Browse our inventory for quality pre-owned construction equipment from trusted brands worldwide.\" \/>\n<meta property=\"og:url\" content=\"https:\/\/used-tower-cranes.com\/fr\/politique-en-matiere-de-cookies\/\" \/>\n<meta property=\"og:site_name\" content=\"Used Tower Cranes\" \/>\n<meta property=\"article:modified_time\" content=\"2024-02-16T09:38:18+00:00\" \/>\n<meta property=\"og:image\" content=\"https:\/\/used-tower-cranes.com\/wp-content\/uploads\/2024\/01\/Banner-Stefca-Cranes-International-2400-x-1000-px-B-1024x427.png\" \/>\n\t<meta property=\"og:image:width\" content=\"1024\" \/>\n\t<meta property=\"og:image:height\" content=\"427\" \/>\n\t<meta property=\"og:image:type\" content=\"image\/png\" \/>\n<meta name=\"twitter:card\" content=\"summary_large_image\" \/>\n<meta name=\"twitter:label1\" content=\"Dur\u00e9e de lecture estim\u00e9e\" \/>\n\t<meta name=\"twitter:data1\" content=\"3 minutes\" \/>\n<script type=\"application\/ld+json\" class=\"yoast-schema-graph\">{\"@context\":\"https:\/\/schema.org\",\"@graph\":[{\"@type\":\"WebPage\",\"@id\":\"https:\/\/used-tower-cranes.com\/fr\/politique-en-matiere-de-cookies\/\",\"url\":\"https:\/\/used-tower-cranes.com\/fr\/politique-en-matiere-de-cookies\/\",\"name\":\"Politique en mati\u00e8re de cookies | Used Tower Cranes\",\"isPartOf\":{\"@id\":\"https:\/\/used-tower-cranes.com\/fr\/#website\"},\"datePublished\":\"2023-12-02T18:04:53+00:00\",\"dateModified\":\"2024-02-16T09:38:18+00:00\",\"description\":\"Discover our selection of reliable used tower cranes, mobile cranes, and self-erecting cranes at Used-Tower-Cranes.com. Browse our inventory for quality pre-owned construction equipment from trusted brands worldwide.\",\"breadcrumb\":{\"@id\":\"https:\/\/used-tower-cranes.com\/fr\/politique-en-matiere-de-cookies\/#breadcrumb\"},\"inLanguage\":\"fr-FR\",\"potentialAction\":[{\"@type\":\"ReadAction\",\"target\":[\"https:\/\/used-tower-cranes.com\/fr\/politique-en-matiere-de-cookies\/\"]}]},{\"@type\":\"BreadcrumbList\",\"@id\":\"https:\/\/used-tower-cranes.com\/fr\/politique-en-matiere-de-cookies\/#breadcrumb\",\"itemListElement\":[{\"@type\":\"ListItem\",\"position\":1,\"name\":\"Home\",\"item\":\"https:\/\/used-tower-cranes.com\/fr\/accueil\/\"},{\"@type\":\"ListItem\",\"position\":2,\"name\":\"Politique en mati\u00e8re de cookies\"}]},{\"@type\":\"WebSite\",\"@id\":\"https:\/\/used-tower-cranes.com\/fr\/#website\",\"url\":\"https:\/\/used-tower-cranes.com\/fr\/\",\"name\":\"Used Tower Cranes\",\"description\":\"We buy and sell worldwide\",\"publisher\":{\"@id\":\"https:\/\/used-tower-cranes.com\/fr\/#organization\"},\"potentialAction\":[{\"@type\":\"SearchAction\",\"target\":{\"@type\":\"EntryPoint\",\"urlTemplate\":\"https:\/\/used-tower-cranes.com\/fr\/?s={search_term_string}\"},\"query-input\":{\"@type\":\"PropertyValueSpecification\",\"valueRequired\":true,\"valueName\":\"search_term_string\"}}],\"inLanguage\":\"fr-FR\"},{\"@type\":\"Organization\",\"@id\":\"https:\/\/used-tower-cranes.com\/fr\/#organization\",\"name\":\"Used Tower Cranes\",\"url\":\"https:\/\/used-tower-cranes.com\/fr\/\",\"logo\":{\"@type\":\"ImageObject\",\"inLanguage\":\"fr-FR\",\"@id\":\"https:\/\/used-tower-cranes.com\/fr\/#\/schema\/logo\/image\/\",\"url\":\"https:\/\/used-tower-cranes.com\/wp-content\/uploads\/2023\/12\/Favicon-yellow-Stefca-Cranes-International-www.used-tower-cranes.com_.png\",\"contentUrl\":\"https:\/\/used-tower-cranes.com\/wp-content\/uploads\/2023\/12\/Favicon-yellow-Stefca-Cranes-International-www.used-tower-cranes.com_.png\",\"width\":500,\"height\":500,\"caption\":\"Used Tower Cranes\"},\"image\":{\"@id\":\"https:\/\/used-tower-cranes.com\/fr\/#\/schema\/logo\/image\/\"}}]}<\/script>\n<!-- \/ Yoast SEO plugin. -->","yoast_head_json":{"title":"Politique en mati\u00e8re de cookies | Used Tower Cranes","description":"Discover our selection of reliable used tower cranes, mobile cranes, and self-erecting cranes at Used-Tower-Cranes.com. Browse our inventory for quality pre-owned construction equipment from trusted brands worldwide.","robots":{"index":"index","follow":"follow","max-snippet":"max-snippet:-1","max-image-preview":"max-image-preview:large","max-video-preview":"max-video-preview:-1"},"canonical":"https:\/\/used-tower-cranes.com\/fr\/politique-en-matiere-de-cookies\/","og_locale":"fr_FR","og_type":"article","og_title":"Politique en mati\u00e8re de cookies | Used Tower Cranes","og_description":"Discover our selection of reliable used tower cranes, mobile cranes, and self-erecting cranes at Used-Tower-Cranes.com. Browse our inventory for quality pre-owned construction equipment from trusted brands worldwide.","og_url":"https:\/\/used-tower-cranes.com\/fr\/politique-en-matiere-de-cookies\/","og_site_name":"Used Tower Cranes","article_modified_time":"2024-02-16T09:38:18+00:00","og_image":[{"width":1024,"height":427,"url":"https:\/\/used-tower-cranes.com\/wp-content\/uploads\/2024\/01\/Banner-Stefca-Cranes-International-2400-x-1000-px-B-1024x427.png","type":"image\/png"}],"twitter_card":"summary_large_image","twitter_misc":{"Dur\u00e9e de lecture estim\u00e9e":"3 minutes"},"schema":{"@context":"https:\/\/schema.org","@graph":[{"@type":"WebPage","@id":"https:\/\/used-tower-cranes.com\/fr\/politique-en-matiere-de-cookies\/","url":"https:\/\/used-tower-cranes.com\/fr\/politique-en-matiere-de-cookies\/","name":"Politique en mati\u00e8re de cookies | Used Tower Cranes","isPartOf":{"@id":"https:\/\/used-tower-cranes.com\/fr\/#website"},"datePublished":"2023-12-02T18:04:53+00:00","dateModified":"2024-02-16T09:38:18+00:00","description":"Discover our selection of reliable used tower cranes, mobile cranes, and self-erecting cranes at Used-Tower-Cranes.com. Browse our inventory for quality pre-owned construction equipment from trusted brands worldwide.","breadcrumb":{"@id":"https:\/\/used-tower-cranes.com\/fr\/politique-en-matiere-de-cookies\/#breadcrumb"},"inLanguage":"fr-FR","potentialAction":[{"@type":"ReadAction","target":["https:\/\/used-tower-cranes.com\/fr\/politique-en-matiere-de-cookies\/"]}]},{"@type":"BreadcrumbList","@id":"https:\/\/used-tower-cranes.com\/fr\/politique-en-matiere-de-cookies\/#breadcrumb","itemListElement":[{"@type":"ListItem","position":1,"name":"Home","item":"https:\/\/used-tower-cranes.com\/fr\/accueil\/"},{"@type":"ListItem","position":2,"name":"Politique en mati\u00e8re de cookies"}]},{"@type":"WebSite","@id":"https:\/\/used-tower-cranes.com\/fr\/#website","url":"https:\/\/used-tower-cranes.com\/fr\/","name":"Used Tower Cranes","description":"We buy and sell worldwide","publisher":{"@id":"https:\/\/used-tower-cranes.com\/fr\/#organization"},"potentialAction":[{"@type":"SearchAction","target":{"@type":"EntryPoint","urlTemplate":"https:\/\/used-tower-cranes.com\/fr\/?s={search_term_string}"},"query-input":{"@type":"PropertyValueSpecification","valueRequired":true,"valueName":"search_term_string"}}],"inLanguage":"fr-FR"},{"@type":"Organization","@id":"https:\/\/used-tower-cranes.com\/fr\/#organization","name":"Used Tower Cranes","url":"https:\/\/used-tower-cranes.com\/fr\/","logo":{"@type":"ImageObject","inLanguage":"fr-FR","@id":"https:\/\/used-tower-cranes.com\/fr\/#\/schema\/logo\/image\/","url":"https:\/\/used-tower-cranes.com\/wp-content\/uploads\/2023\/12\/Favicon-yellow-Stefca-Cranes-International-www.used-tower-cranes.com_.png","contentUrl":"https:\/\/used-tower-cranes.com\/wp-content\/uploads\/2023\/12\/Favicon-yellow-Stefca-Cranes-International-www.used-tower-cranes.com_.png","width":500,"height":500,"caption":"Used Tower Cranes"},"image":{"@id":"https:\/\/used-tower-cranes.com\/fr\/#\/schema\/logo\/image\/"}}]}},"_links":{"self":[{"href":"https:\/\/used-tower-cranes.com\/fr\/wp-json\/wp\/v2\/pages\/2069","targetHints":{"allow":["GET"]}}],"collection":[{"href":"https:\/\/used-tower-cranes.com\/fr\/wp-json\/wp\/v2\/pages"}],"about":[{"href":"https:\/\/used-tower-cranes.com\/fr\/wp-json\/wp\/v2\/types\/page"}],"author":[{"embeddable":true,"href":"https:\/\/used-tower-cranes.com\/fr\/wp-json\/wp\/v2\/users\/1"}],"replies":[{"embeddable":true,"href":"https:\/\/used-tower-cranes.com\/fr\/wp-json\/wp\/v2\/comments?post=2069"}],"version-history":[{"count":3,"href":"https:\/\/used-tower-cranes.com\/fr\/wp-json\/wp\/v2\/pages\/2069\/revisions"}],"predecessor-version":[{"id":2141,"href":"https:\/\/used-tower-cranes.com\/fr\/wp-json\/wp\/v2\/pages\/2069\/revisions\/2141"}],"wp:attachment":[{"href":"https:\/\/used-tower-cranes.com\/fr\/wp-json\/wp\/v2\/media?parent=2069"}],"curies":[{"name":"wp","href":"https:\/\/api.w.org\/{rel}","templated":true}]}}